{"id":8,"date":"2023-10-10T22:09:05","date_gmt":"2023-10-11T04:09:05","guid":{"rendered":"https:\/\/padmin.expansionesdigitales.com\/?page_id=8"},"modified":"2023-10-11T14:06:37","modified_gmt":"2023-10-11T20:06:37","slug":"inicio","status":"publish","type":"page","link":"https:\/\/padmin.expansionesdigitales.com\/","title":{"rendered":"Inicio"},"content":{"rendered":"\n<div class=\"wp-block-cover alignfull is-light wp-duotone-unset-3\" style=\"min-height:720px\"><span aria-hidden=\"true\" class=\"wp-block-cover__background has-background-dim-80 has-background-dim has-background-gradient has-midnight-gradient-background\"><\/span><div class=\"wp-block-cover__inner-container is-layout-flow wp-block-cover-is-layout-flow\">\n<div class=\"inherit-container-width wp-block-group alignwide is-layout-constrained wp-block-group-is-layout-constrained\">\n<div class=\"wp-block-media-text alignwide has-media-on-the-right is-stacked-on-mobile is-vertically-aligned-center\" style=\"grid-template-columns:auto 30%\"><div class=\"wp-block-media-text__content\">\n<h1 class=\"wp-block-heading has-text-align-left has-white-color has-text-color\">Gesti\u00f3n administrativa<\/h1>\n\n\n\n<p>Cobros atrasados, conflictos entre propietarios, mantenimiento insuficiente, \u00bfte suena familiar? <\/p>\n\n\n\n<p>Nuestro software resuelve estos problemas y m\u00e1s.<\/p>\n\n\n\n<div class=\"wp-block-buttons is-layout-flex wp-block-buttons-is-layout-flex\">\n<div class=\"wp-block-button\"><a class=\"wp-block-button__link has-text-align-center wp-element-button\" href=\"#\">Contratar<\/a><\/div>\n<\/div>\n<\/div><figure class=\"wp-block-media-text__media\"><img decoding=\"async\" loading=\"lazy\" width=\"444\" height=\"444\" src=\"https:\/\/padmin.expansionesdigitales.com\/wp-content\/uploads\/2023\/10\/Padmin-mi-software-de-administracion-condominal-modified-1.png\" alt=\"\" class=\"wp-image-75 size-full\" srcset=\"https:\/\/padmin.expansionesdigitales.com\/wp-content\/uploads\/2023\/10\/Padmin-mi-software-de-administracion-condominal-modified-1.png 444w, https:\/\/padmin.expansionesdigitales.com\/wp-content\/uploads\/2023\/10\/Padmin-mi-software-de-administracion-condominal-modified-1-300x300.png 300w, https:\/\/padmin.expansionesdigitales.com\/wp-content\/uploads\/2023\/10\/Padmin-mi-software-de-administracion-condominal-modified-1-150x150.png 150w\" sizes=\"(max-width: 444px) 100vw, 444px\" \/><\/figure><\/div>\n<\/div>\n<\/div><\/div>\n\n\n\n<div class=\"wp-block-group alignfull has-ast-global-color-5-background-color has-background is-layout-constrained wp-container-10 wp-block-group-is-layout-constrained\" style=\"padding-bottom:0px\">\n<h2 class=\"wp-block-heading\">Sabemos los desaf\u00edos que enfrentas diariamente.<\/h2>\n\n\n\n<ul>\n<li>Mantenimiento y reparaciones, gesti\u00f3n de proveedores, reparaciones mayores, seguros, problemas de estacionamiento, mascotas, cumplimiento de reglas y reglamentos.<\/li>\n\n\n\n<li>Cobro de cuotas, participaci\u00f3n de la comunidad, evaluaci\u00f3n de riesgos y seguridad.<\/li>\n\n\n\n<li>Conflictos entre propietarios, comunicaci\u00f3n, mediaci\u00f3n, reparaciones de emergencia. <\/li>\n\n\n\n<li>Gesti\u00f3n de documentaci\u00f3n, asambleas y comit\u00e9s, informes, actas, legalidad, registros, ex\u00e1menes de certificaci\u00f3n, elaboraci\u00f3n de documentos, registro ante PROSOC.<\/li>\n\n\n\n<li>Cumplimiento normativo, otras reglamentaciones e instituciones. <\/li>\n\n\n\n<li>Presupuesto y finanzas, elaboraci\u00f3n de presupuestos, cuotas extraordinarias, etc.<\/li>\n\n\n\n<li>Seguridad, vigilancia, c\u00e1maras, casetas, mantenimiento de \u00e1reas comunes, limpieza, comunicaci\u00f3n, planificaci\u00f3n a largo plazo y la lista sigue&#8230;<\/li>\n<\/ul>\n\n\n\n<h2 class=\"wp-block-heading\">\u00c1reas con mayor problem\u00e1tica:<\/h2>\n\n\n\n<div class=\"wp-block-columns are-vertically-aligned-top is-layout-flex wp-container-9 wp-block-columns-is-layout-flex\">\n<div class=\"wp-block-column is-vertically-aligned-top is-layout-flow wp-container-5 wp-block-column-is-layout-flow\">\n<h4 class=\"wp-block-heading has-text-align-left\" style=\"margin-top:16px\">A<strong>dministraci\u00f3n financiera<\/strong>:<\/h4>\n\n\n\n<p class=\"has-text-align-left\">Lidiar con la recaudaci\u00f3n de cuotas, gastos comunes y la generaci\u00f3n de informes financieros puede ser complicado y propenso a errores humanos.<\/p>\n<\/div>\n\n\n\n<div class=\"wp-block-column is-vertically-aligned-top is-layout-flow wp-container-6 wp-block-column-is-layout-flow\">\n<h4 class=\"wp-block-heading has-text-align-left\" style=\"margin-top:16px\">Seguridad:<\/h4>\n\n\n\n<p class=\"has-text-align-left\">La inseguridad es una preocupaci\u00f3n constante en grandes comunidades urbanas, y la falta de un sistema adecuado puede poner en riesgo a los residentes.<\/p>\n<\/div>\n\n\n\n<div class=\"wp-block-column is-vertically-aligned-top is-layout-flow wp-container-7 wp-block-column-is-layout-flow\">\n<h4 class=\"wp-block-heading has-text-align-left\" style=\"margin-top:16px\"><strong><strong>Comunicaci\u00f3n ineficiente:<\/strong><\/strong><\/h4>\n\n\n\n<p class=\"has-text-align-left\">La falta de una plataforma centralizada para la comunicaci\u00f3n entre administraci\u00f3n y cond\u00f3minos puede llevar a malentendidos, retrasos en la resoluci\u00f3n de problemas y desinformaci\u00f3n general.<\/p>\n<\/div>\n\n\n\n<div class=\"wp-block-column is-vertically-aligned-top is-layout-flow wp-container-8 wp-block-column-is-layout-flow\">\n<h4 class=\"wp-block-heading has-text-align-left\" style=\"margin-top:16px\"><strong>Legal<\/strong>:<\/h4>\n\n\n\n<p><strong>Podemos decir que es la m\u00e1s complicada ya que requiere estudio y capacitaci\u00f3n constante<\/strong>. Sin mencionar que tambi\u00e9n se requiere mucha mediaci\u00f3n de conflictos y toma de acuerdos que no pueden y no deben pasar encima de la ley.<\/p>\n<\/div>\n<\/div>\n\n\n\n<ul><\/ul>\n\n\n\n<h2 class=\"wp-block-heading\">Al igual que t\u00fa, est\u00e1bamos cansados de malabares, pendientes y dolores de cabeza en la administraci\u00f3n condominal<\/h2>\n\n\n\n<p class=\"has-large-font-size\"><strong>As\u00ed que creamos un software que nos resolvi\u00f3 los problemas m\u00e1s frecuentes, profesionaliz\u00f3 nuestro trabajo y pudimos administrar varios condominios a la vez. <\/strong><\/p>\n\n\n\n<p class=\"has-large-font-size\"><strong>\u00a1La eficiencia est\u00e1 a un clic de distancia!<\/strong><\/p>\n<\/div>\n\n\n\n<div class=\"wp-block-group alignfull is-layout-constrained wp-container-15 wp-block-group-is-layout-constrained\" id=\"services\" style=\"padding-top:144px;padding-bottom:0px\">\n<h2 class=\"wp-block-heading\">Nuestros servicios<\/h2>\n\n\n\n<div class=\"wp-block-columns is-layout-flex wp-container-14 wp-block-columns-is-layout-flex\" style=\"margin-top:50px\">\n<div class=\"wp-block-column is-layout-flow wp-container-11 wp-block-column-is-layout-flow\">\n<figure class=\"wp-block-image size-full\"><img decoding=\"async\" loading=\"lazy\" width=\"480\" height=\"600\" src=\"https:\/\/padmin.expansionesdigitales.com\/wp-content\/uploads\/2023\/10\/Plan-prueba-30-dias.png\" alt=\"\" class=\"wp-image-37\" srcset=\"https:\/\/padmin.expansionesdigitales.com\/wp-content\/uploads\/2023\/10\/Plan-prueba-30-dias.png 480w, https:\/\/padmin.expansionesdigitales.com\/wp-content\/uploads\/2023\/10\/Plan-prueba-30-dias-240x300.png 240w\" sizes=\"(max-width: 480px) 100vw, 480px\" \/><\/figure>\n\n\n\n<h3 class=\"wp-block-heading\" style=\"margin-top:16px\">Gratis por 1 mes<\/h3>\n\n\n\n<p>Los problemas de administraci\u00f3n no pueden esperar, lib\u00e9rate de las preocupaciones diarias y usa nuestro software por un mes.<\/p>\n<\/div>\n\n\n\n<div class=\"wp-block-column is-layout-flow wp-container-12 wp-block-column-is-layout-flow\">\n<figure class=\"wp-block-image size-full\"><img decoding=\"async\" loading=\"lazy\" width=\"480\" height=\"600\" src=\"https:\/\/padmin.expansionesdigitales.com\/wp-content\/uploads\/2023\/10\/Plan-mensual.png\" alt=\"\" class=\"wp-image-38\" srcset=\"https:\/\/padmin.expansionesdigitales.com\/wp-content\/uploads\/2023\/10\/Plan-mensual.png 480w, https:\/\/padmin.expansionesdigitales.com\/wp-content\/uploads\/2023\/10\/Plan-mensual-240x300.png 240w\" sizes=\"(max-width: 480px) 100vw, 480px\" \/><\/figure>\n\n\n\n<h3 class=\"wp-block-heading\" style=\"margin-top:16px\">Plan mensual $499<\/h3>\n\n\n\n<p>No pierdas m\u00e1s tiempo en tareas tediosas. Los administradores exitosos toman decisiones audaces, goza de la automatizaci\u00f3n de procesos y mejora continua.<\/p>\n<\/div>\n\n\n\n<div class=\"wp-block-column is-layout-flow wp-container-13 wp-block-column-is-layout-flow\">\n<figure class=\"wp-block-image size-full\"><img decoding=\"async\" loading=\"lazy\" width=\"480\" height=\"600\" src=\"https:\/\/padmin.expansionesdigitales.com\/wp-content\/uploads\/2023\/10\/Plan-anual.png\" alt=\"\" class=\"wp-image-39\" srcset=\"https:\/\/padmin.expansionesdigitales.com\/wp-content\/uploads\/2023\/10\/Plan-anual.png 480w, https:\/\/padmin.expansionesdigitales.com\/wp-content\/uploads\/2023\/10\/Plan-anual-240x300.png 240w\" sizes=\"(max-width: 480px) 100vw, 480px\" \/><\/figure>\n\n\n\n<h3 class=\"wp-block-heading\" style=\"margin-top:16px\">Plan anual $4999<\/h3>\n\n\n\n<p>Olv\u00eddate del estr\u00e9s y goza del \u00e9xito con nuestro software y cursos de administraci\u00f3n con base en el est\u00e1ndar  EC0112, E0441 y E0442, ley condominal, mediaci\u00f3n de conflictos, entre otros(incluidos en tu plan.)<\/p>\n<\/div>\n<\/div>\n\n\n\n<h2 class=\"wp-block-heading\">Tu inversi\u00f3n <\/h2>\n\n\n\n<p>\u2713<strong>Cuida tus datos e informaci\u00f3n valiosa<\/strong> <strong>de toda la comunidad que administras<\/strong>.<\/p>\n\n\n\n<p>\u2713<strong>Minimiza errores<\/strong> <strong>ya que tiene documentos precargados de f\u00e1cil edici\u00f3n y est\u00e1n listos para descargar.<\/strong><\/p>\n\n\n\n<p><strong>\u2713Te libera de carga de trabajo repetitivo e innecesario<\/strong>,<strong> a la velocidad de un clic genera tus informes<\/strong>.<\/p>\n\n\n\n<p>\u2713<strong>Reduce costos operativos<\/strong>.<\/p>\n\n\n\n<p>\u2713<strong>Mejora la comunicaci\u00f3n<\/strong>.<\/p>\n\n\n\n<p>\u2713<strong>Incluye soporte y actualizaciones Continuas<\/strong>.<\/p>\n\n\n\n<p>\u2713<strong>Te da paz mental y tranquilidad<\/strong>.<\/p>\n\n\n\n<p>\u2713<strong>Capacitaci\u00f3n constante online, a tu ritmo.<\/strong><\/p>\n<\/div>\n\n\n\n<div class=\"wp-block-group alignfull has-ast-global-color-5-background-color has-background is-layout-constrained wp-container-17 wp-block-group-is-layout-constrained\" id=\"about\" style=\"padding-top:143px;padding-bottom:144px\">\n<div class=\"wp-block-media-text has-media-on-the-right is-stacked-on-mobile is-vertically-aligned-center\"><div class=\"wp-block-media-text__content\">\n<div class=\"inherit-container-width wp-block-group is-layout-constrained wp-block-group-is-layout-constrained\" style=\"padding-right:80px\">\n<h2 class=\"wp-block-heading\" style=\"padding-right:40px\"><strong>\u00bfQUI\u00c9NES SOMOS?<\/strong><\/h2>\n\n\n\n<p>Somos un equipo de expertos en desarrollo de software y administraci\u00f3n de condominios.<\/p>\n\n\n\n<p>Trabajamos para simplificar la vida de los administradores profesionales o administradores cond\u00f3minos permiti\u00e9ndoles centrarse en lo que realmente importa: tener trabajo constante, construir comunidades pr\u00f3speras, ser apreciados por su trabajo profesional y mantener la tranquilidad y confianza de los residentes.<\/p>\n<\/div>\n<\/div><figure class=\"wp-block-media-text__media\"><img decoding=\"async\" loading=\"lazy\" width=\"600\" height=\"480\" src=\"https:\/\/padmin.expansionesdigitales.com\/wp-content\/uploads\/2023\/10\/Padmin-software.png\" alt=\"\" class=\"wp-image-77 size-full\" srcset=\"https:\/\/padmin.expansionesdigitales.com\/wp-content\/uploads\/2023\/10\/Padmin-software.png 600w, https:\/\/padmin.expansionesdigitales.com\/wp-content\/uploads\/2023\/10\/Padmin-software-300x240.png 300w\" sizes=\"(max-width: 600px) 100vw, 600px\" \/><\/figure><\/div>\n<\/div>\n\n\n\n<div class=\"wp-block-group alignfull has-white-background-color has-background is-layout-constrained wp-container-18 wp-block-group-is-layout-constrained\" id=\"reviews\">\n<figure class=\"wp-block-image aligncenter size-full is-resized\"><img decoding=\"async\" loading=\"lazy\" src=\"https:\/\/padmin.expansionesdigitales.com\/wp-content\/uploads\/2023\/10\/Padmin-logo-circle.png\" alt=\"\" class=\"wp-image-79\" style=\"width:156px;height:156px\" width=\"156\" height=\"156\" srcset=\"https:\/\/padmin.expansionesdigitales.com\/wp-content\/uploads\/2023\/10\/Padmin-logo-circle.png 411w, https:\/\/padmin.expansionesdigitales.com\/wp-content\/uploads\/2023\/10\/Padmin-logo-circle-300x300.png 300w, https:\/\/padmin.expansionesdigitales.com\/wp-content\/uploads\/2023\/10\/Padmin-logo-circle-150x150.png 150w\" sizes=\"(max-width: 156px) 100vw, 156px\" \/><\/figure>\n\n\n\n<p class=\"has-text-align-center\" style=\"font-size:22px;line-height:1.6\">Cuando eliges Padmin software, te unes a una comunidad de profesionales comprometidos que buscan simplificar y mejorar sus vidas y las vidas de aquellos a quienes sirven. Somos tu socio en el \u00e9xito y estamos aqu\u00ed para ayudarte a alcanzar tus metas, reducir tus cargas y hacer que tu trabajo sea m\u00e1s gratificante.<\/p>\n\n\n\n<p class=\"has-text-align-center has-medium-font-size\"><strong>Estamos aqu\u00ed para empoderarte, liberarte de tus preocupaciones y permitirte enfocarte en lo que realmente importa: crear comunidades vibrantes y pr\u00f3speras.<\/strong><\/p>\n<\/div>\n\n\n\n<div class=\"wp-block-group alignfull is-layout-constrained wp-container-23 wp-block-group-is-layout-constrained\" id=\"whyus\" style=\"padding-top:144px;padding-bottom:144px\">\n<h2 class=\"wp-block-heading\">\u00bfPor qu\u00e9 nosotros?<\/h2>\n\n\n\n<div class=\"wp-block-columns is-layout-flex wp-container-22 wp-block-columns-is-layout-flex\" style=\"margin-top:60px\">\n<div class=\"wp-block-column is-layout-flow wp-container-19 wp-block-column-is-layout-flow\">\n<figure class=\"wp-block-image aligncenter size-large\"><img decoding=\"async\" src=\"https:\/\/padmin.expansionesdigitales.com\/wp-content\/themes\/astra\/inc\/assets\/images\/starter-content\/passionate.svg\" alt=\"\" class=\"wp-image-162\"\/><\/figure>\n\n\n\n<h3 class=\"wp-block-heading\" style=\"margin-top:16px\">Apasionados con la excelencia.<\/h3>\n\n\n\n<p><strong>Juntos, podemos crear una comunidad m\u00e1s unida, eficiente y segura.<\/strong><\/p>\n<\/div>\n\n\n\n<div class=\"wp-block-column is-layout-flow wp-container-20 wp-block-column-is-layout-flow\">\n<figure class=\"wp-block-image aligncenter size-large\"><img decoding=\"async\" src=\"https:\/\/padmin.expansionesdigitales.com\/wp-content\/themes\/astra\/inc\/assets\/images\/starter-content\/professional.svg\" alt=\"\" class=\"wp-image-163\"\/><\/figure>\n\n\n\n<h3 class=\"wp-block-heading\" style=\"margin-top:16px\">Profesionalismo.<\/h3>\n\n\n\n<p><strong>\u00danete a nosotros en esta transformaci\u00f3n hacia un condominio moderno y tecnol\u00f3gicamente avanzado<\/strong>.<\/p>\n<\/div>\n\n\n\n<div class=\"wp-block-column is-layout-flow wp-container-21 wp-block-column-is-layout-flow\">\n<figure class=\"wp-block-image aligncenter size-large\"><img decoding=\"async\" src=\"https:\/\/padmin.expansionesdigitales.com\/wp-content\/themes\/astra\/inc\/assets\/images\/starter-content\/support.svg\" alt=\"\" class=\"wp-image-164\"\/><\/figure>\n\n\n\n<h3 class=\"wp-block-heading\" style=\"margin-top:16px\">Hacemos bien las cosas.<\/h3>\n\n\n\n<p><strong>Con nuestra tecnolog\u00eda, puedes tomar decisiones informadas, mejorar la eficiencia y ofrecer un mejor servicio a tus cond\u00f3minos.<\/strong><\/p>\n<\/div>\n<\/div>\n<\/div>\n\n\n\n<div class=\"wp-block-group alignfull has-vivid-cyan-blue-background-color has-background is-layout-constrained wp-container-25 wp-block-group-is-layout-constrained\" id=\"contact\" style=\"padding-top:104px;padding-bottom:104px\">\n<h2 class=\"wp-block-heading has-text-align-center has-text-color\" style=\"color:#ffffff\">Planifica, gestiona y controla uno o varios condominios de manera independiente.<\/h2>\n\n\n\n<div class=\"wp-block-buttons alignwide is-horizontal is-content-justification-center is-layout-flex wp-container-24 wp-block-buttons-is-layout-flex\" style=\"margin-top:50px\">\n<div class=\"wp-block-button\"><a class=\"wp-block-button__link wp-element-button\">Contratar<\/a><\/div>\n<\/div>\n<\/div>\n\n\n\n<p><\/p>\n","protected":false},"excerpt":{"rendered":"<p>Sabemos los desaf\u00edos que enfrentas diariamente. \u00c1reas con mayor problem\u00e1tica: Administraci\u00f3n financiera: Lidiar con la recaudaci\u00f3n de cuotas, gastos comunes y la generaci\u00f3n de informes financieros puede ser complicado y propenso a errores humanos. Seguridad: La inseguridad es una preocupaci\u00f3n constante en grandes comunidades urbanas, y la falta de un sistema adecuado puede poner en &hellip;<\/p>\n<p class=\"read-more\"> <a class=\"\" href=\"https:\/\/padmin.expansionesdigitales.com\/\"> <span class=\"screen-reader-text\">Inicio<\/span> Leer m\u00e1s &raquo;<\/a><\/p>\n","protected":false},"author":1,"featured_media":0,"parent":0,"menu_order":0,"comment_status":"closed","ping_status":"closed","template":"","meta":{"_uag_custom_page_level_css":"","site-sidebar-layout":"no-sidebar","site-content-layout":"plain-container","ast-site-content-layout":"","site-content-style":"default","site-sidebar-style":"default","ast-global-header-display":"","ast-banner-title-visibility":"","ast-main-header-display":"","ast-hfb-above-header-display":"","ast-hfb-below-header-display":"","ast-hfb-mobile-header-display":"","site-post-title":"disabled","ast-breadcrumbs-content":"","ast-featured-img":"","footer-sml-layout":"","theme-transparent-header-meta":"enabled","adv-header-id-meta":"","stick-header-meta":"","header-above-stick-meta":"","header-main-stick-meta":"","header-below-stick-meta":"","astra-migrate-meta-layouts":"","footnotes":""},"uagb_featured_image_src":{"full":false,"thumbnail":false,"medium":false,"medium_large":false,"large":false,"1536x1536":false,"2048x2048":false},"uagb_author_info":{"display_name":"Padmin","author_link":"https:\/\/padmin.expansionesdigitales.com\/index.php\/author\/padmin\/"},"uagb_comment_info":0,"uagb_excerpt":"Sabemos los desaf\u00edos que enfrentas diariamente. \u00c1reas con mayor problem\u00e1tica: Administraci\u00f3n financiera: Lidiar con la recaudaci\u00f3n de cuotas, gastos comunes y la generaci\u00f3n de informes financieros puede ser complicado y propenso a errores humanos. Seguridad: La inseguridad es una preocupaci\u00f3n constante en grandes comunidades urbanas, y la falta de un sistema adecuado puede poner en&hellip;","_links":{"self":[{"href":"https:\/\/padmin.expansionesdigitales.com\/index.php\/wp-json\/wp\/v2\/pages\/8"}],"collection":[{"href":"https:\/\/padmin.expansionesdigitales.com\/index.php\/wp-json\/wp\/v2\/pages"}],"about":[{"href":"https:\/\/padmin.expansionesdigitales.com\/index.php\/wp-json\/wp\/v2\/types\/page"}],"author":[{"embeddable":true,"href":"https:\/\/padmin.expansionesdigitales.com\/index.php\/wp-json\/wp\/v2\/users\/1"}],"replies":[{"embeddable":true,"href":"https:\/\/padmin.expansionesdigitales.com\/index.php\/wp-json\/wp\/v2\/comments?post=8"}],"version-history":[{"count":25,"href":"https:\/\/padmin.expansionesdigitales.com\/index.php\/wp-json\/wp\/v2\/pages\/8\/revisions"}],"predecessor-version":[{"id":86,"href":"https:\/\/padmin.expansionesdigitales.com\/index.php\/wp-json\/wp\/v2\/pages\/8\/revisions\/86"}],"wp:attachment":[{"href":"https:\/\/padmin.expansionesdigitales.com\/index.php\/wp-json\/wp\/v2\/media?parent=8"}],"curies":[{"name":"wp","href":"https:\/\/api.w.org\/{rel}","templated":true}]}}